{"id":180,"date":"2019-06-11T21:15:44","date_gmt":"2019-06-11T21:15:44","guid":{"rendered":"https:\/\/luxon.fi\/?page_id=180"},"modified":"2019-06-12T20:58:32","modified_gmt":"2019-06-12T20:58:32","slug":"ota-yhteytta","status":"publish","type":"page","link":"https:\/\/luxon.fi\/fi\/ota-yhteytta\/","title":{"rendered":"Ota yhteytt\u00e4"},"content":{"rendered":"<div  class=\"tatsu-g3jjh8tlob6vmsd8 tatsu-section  tatsu-bg-overlay tatsu-prevent-overflow   tatsu-clearfix\" data-title=\"\"  data-headerscheme=\"background--dark\"><div class='tatsu-section-pad clearfix' data-padding='{\"d\":\"90px 15% 90px 15%\",\"m\":\"70px 5% 70px 5%\",\"t\":\"70px 5% 70px 5%\"}' data-padding-top='70px'><div class=\"tatsu-row-wrap  tatsu-row-full-width tatsu-row-one-col tatsu-row-has-one-cols tatsu-medium-gutter tatsu-reg-cols  tatsu-clearfix tatsu-g3jjh8tlr27y8hpi\" ><div  class=\"tatsu-row \" ><div  class=\"tatsu-column  tatsu-bg-overlay tatsu-one-col tatsu-column-image-none tatsu-column-effect-none tatsu-prevent-overflow  tatsu-g3jjh8tluj2qro6\"  data-parallax-speed=\"0\" style=\"\"><div class=\"tatsu-column-inner \" ><div class=\"tatsu-column-pad-wrap\"><div class=\"tatsu-column-pad\" ><div  class=\"tatsu-module tatsu-text-block-wrap tatsu-g3jjh8tlx9bnld31  \"><div class=\"tatsu-text-inner tatsu-align-center  clearfix\" ><style>.tatsu-g3jjh8tlx9bnld31.tatsu-text-block-wrap .tatsu-text-inner{width: 100%;text-align: left;}<\/style>\n<h1><span style=\"color: #ffffff;\">Ota yhteytt\u00e4<\/span><\/h1>\n<\/div><\/div><div  class=\"tatsu-module tatsu-text-block-wrap tatsu-g3jjh8tme78t0smt  \"><div class=\"tatsu-text-inner   clearfix\" ><style>.tatsu-g3jjh8tme78t0smt.tatsu-text-block-wrap .tatsu-text-inner{width: 60%;text-align: left;}@media only screen and (max-width:1377px) {.tatsu-g3jjh8tme78t0smt.tatsu-text-block-wrap .tatsu-text-inner{width: 70%;}}@media only screen and (min-width:768px) and (max-width: 1024px) {.tatsu-g3jjh8tme78t0smt.tatsu-text-block-wrap .tatsu-text-inner{width: 80%;}}@media only screen and (max-width: 767px) {.tatsu-g3jjh8tme78t0smt.tatsu-text-block-wrap .tatsu-text-inner{width: 95%;}}<\/style>\n<p><span style=\"color: #ffffff;\">\u00c4lk\u00e4\u00e4 ep\u00e4r\u00f6ik\u00f6 yhteydenottoa jos teill\u00e4 on kysymyksi\u00e4 huoltosopimuksista tai muista palveluistamme!<\/span><\/p>\n<p><span style=\"color: #ffffff;\"><strong>Luxon Ab Oy<\/strong><\/span><br \/>\n<span style=\"color: #ffffff;\"><br \/>\nJonas Seitovaara<\/span><br \/>\n<span style=\"color: #ffffff;\">Puh: <a style=\"color: #ffffff;\" href=\"tel:020-7308111\">020-7308111<\/a><\/span><br \/>\n<span style=\"color: #ffffff;\"><a style=\"color: #ffffff;\" href=\"mailto:jonas@luxon.fi\">jonas@luxon.fi<\/a><br \/>\n<\/span><\/p>\n<p><span style=\"color: #ffffff;\">Jan Wikstr\u00f6m<\/span><br \/>\n<span style=\"color: #ffffff;\">Puh: <a style=\"color: #ffffff;\" href=\"tel:020-7308111\">020-7308111<\/a><\/span><br \/>\n<span style=\"color: #ffffff;\">jan@luxon.fi<\/span><\/p>\n<\/div><\/div><\/div><\/div><div class = \"tatsu-column-bg-image-wrap\"><div class = \"tatsu-column-bg-image\" ><\/div><\/div><div class=\"tatsu-overlay tatsu-column-overlay tatsu-animate-none\" ><\/div><\/div><style>.tatsu-row > .tatsu-g3jjh8tluj2qro6.tatsu-column{width: 100%;}.tatsu-g3jjh8tluj2qro6.tatsu-column > .tatsu-column-inner > .tatsu-column-overlay{mix-blend-mode: normal;}.tatsu-g3jjh8tluj2qro6 > .tatsu-column-inner > .tatsu-top-divider{z-index: 9999;}.tatsu-g3jjh8tluj2qro6 > .tatsu-column-inner > .tatsu-bottom-divider{z-index: 9999;}.tatsu-g3jjh8tluj2qro6 > .tatsu-column-inner > .tatsu-left-divider{z-index: 9999;}.tatsu-g3jjh8tluj2qro6 > .tatsu-column-inner > .tatsu-right-divider{z-index: 9999;}@media only screen and (max-width:1377px) {.tatsu-row > .tatsu-g3jjh8tluj2qro6.tatsu-column{width: 100%;}}@media only screen and (min-width:768px) and (max-width: 1024px) {.tatsu-row > .tatsu-g3jjh8tluj2qro6.tatsu-column{width: 100%;}}@media only screen and (max-width: 767px) {.tatsu-row > .tatsu-g3jjh8tluj2qro6.tatsu-column{width: 100%;}}<\/style><\/div><\/div><\/div><\/div><div class=\"tatsu-section-background-wrap\"><div class = \"tatsu-section-background\" ><\/div><\/div><div class=\"tatsu-overlay tatsu-section-overlay\"><\/div><style>.tatsu-g3jjh8tlob6vmsd8.tatsu-section{background-color: rgba(48,146,208,1);}.tatsu-g3jjh8tlob6vmsd8 .tatsu-section-pad{padding: 90px 15% 90px 15%;}.tatsu-g3jjh8tlob6vmsd8 .tatsu-section-offset-wrap{transform: translateY(-0px);}.tatsu-g3jjh8tlob6vmsd8 > .tatsu-bottom-divider{z-index: 9999;}.tatsu-g3jjh8tlob6vmsd8 > .tatsu-top-divider{z-index: 9999;}.tatsu-g3jjh8tlob6vmsd8 .tatsu-section-overlay{mix-blend-mode: normal;}@media only screen and (min-width:768px) and (max-width: 1024px) {.tatsu-g3jjh8tlob6vmsd8 .tatsu-section-pad{padding: 70px 5% 70px 5%;}}@media only screen and (max-width: 767px) {.tatsu-g3jjh8tlob6vmsd8 .tatsu-section-pad{padding: 70px 5% 70px 5%;}}<\/style><\/div><div  class=\"tatsu-g3jjhebxik3wx5i7 tatsu-section  tatsu-bg-overlay   tatsu-clearfix\" data-title=\"\"  data-headerscheme=\"background--dark\"><div class='tatsu-section-pad clearfix' data-padding='{\"d\":\"30px 15% 30px 15%\",\"m\":\"50px 5% 30px 5%\"}' data-padding-top='50px'><div class=\"tatsu-row-wrap  tatsu-row-full-width tatsu-row-has-one-half tatsu-row-has-two-cols tatsu-medium-gutter tatsu-reg-cols  tatsu-clearfix tatsu-g3jjhebxm29evv5w\" ><div  class=\"tatsu-row \" ><div  class=\"tatsu-column  tatsu-bg-overlay tatsu-one-half tatsu-column-image-none tatsu-column-effect-none  tatsu-g3jjhebxq85iq3ec\"  data-parallax-speed=\"0\" style=\"\"><div class=\"tatsu-column-inner \" ><div class=\"tatsu-column-pad-wrap\"><div class=\"tatsu-column-pad\" ><div  class=\"tatsu-module tatsu-text-block-wrap tatsu-g3jjhebxsqca650f  tatsu-hide-mobile \"><div class=\"tatsu-text-inner tatsu-align-center  clearfix\" ><style>.tatsu-g3jjhebxsqca650f.tatsu-text-block-wrap .tatsu-text-inner{width: 100%;text-align: left;}.tatsu-g3jjhebxsqca650f.tatsu-text-block-wrap{margin: 0px 0px 20px 0px;}<\/style>\n<h4><span style=\"color: #ffffff;\">Luxon Ab Oy<\/span><\/h4>\n<\/div><\/div><div  class=\"tatsu-module tatsu-text-block-wrap tatsu-g3jjheby9z138vfr  tatsu-hide-desktop tatsu-hide-laptop tatsu-hide-tablet \"><div class=\"tatsu-text-inner tatsu-align-center  clearfix\" ><style>.tatsu-g3jjheby9z138vfr.tatsu-text-block-wrap .tatsu-text-inner{width: 100%;text-align: left;}.tatsu-g3jjheby9z138vfr.tatsu-text-block-wrap{margin: 0px 0px 20px 0px;}<\/style>\n<h4 style=\"text-align: center;\"><span style=\"color: #ffffff;\">Luxon Ab Oy<\/span><\/h4>\n<\/div><\/div>            <div  class = \"tatsu-module tatsu-icon_card  tatsu-g3jjhebybw2nnzxm  tatsu-hide-desktop tatsu-hide-laptop tatsu-hide-tablet  tatsu-icon_card-type-icon tatsu-icon_card-style1 tatsu-icon_card-align-center tatsu-icon_card-vertical-align-center tatsu-icon_small\" >\n                <style>.tatsu-g3jjhebybw2nnzxm .tatsu-icon{color: #ffffff ;}.tatsu-g3jjhebybw2nnzxm.tatsu-module{margin: 0px 0px 10px 0px;}@media only screen and (max-width: 767px) {.tatsu-g3jjhebybw2nnzxm{padding: 0 0 5px 0;}}<\/style>                                    <div class = \"tatsu-icon_card-icon \">\n                                                    <i aria-label = \"  mobile1\" class = \"tatsu-icon tatsu-icon-mobile1\">\n                            <\/i>\n                                            <\/div>\n                                                    <div class = \"tatsu-icon_card-title-caption\">\n                                                                            <div class = \"tatsu-icon_card-caption body\">\n                                \n<p><span style=\"color: #ffffff;\"><a style=\"color: #ffffff;\" href=\"tel:020-7308111\">020-7308111<\/a><\/span><\/p>\n                            <\/div>\n                                            <\/div>\n                            <\/div>\n                <div  class = \"tatsu-module tatsu-icon_card  tatsu-g3jjhebydwgci0ky  tatsu-hide-mobile  tatsu-icon_card-type-icon tatsu-icon_card-style1 tatsu-icon_card-align-left tatsu-icon_card-vertical-align-center tatsu-icon_small\" >\n                <style>.tatsu-g3jjhebydwgci0ky .tatsu-icon{color: #ffffff ;}.tatsu-g3jjhebydwgci0ky.tatsu-module{margin: 0px 0px 10px 0px;}<\/style>                                    <div class = \"tatsu-icon_card-icon \">\n                                                    <i aria-label = \"  mobile1\" class = \"tatsu-icon tatsu-icon-mobile1\">\n                            <\/i>\n                                            <\/div>\n                                                    <div class = \"tatsu-icon_card-title-caption\">\n                                                                            <div class = \"tatsu-icon_card-caption body\">\n                                \n<p><span style=\"color: #ffffff;\"><a style=\"color: #ffffff;\" href=\"tel:020-7308111\">020-7308111<\/a><\/span><\/p>\n                            <\/div>\n                                            <\/div>\n                            <\/div>\n                <div  class = \"tatsu-module tatsu-icon_card  tatsu-g3jjhebyfd4p461m  tatsu-hide-desktop tatsu-hide-laptop tatsu-hide-tablet  tatsu-icon_card-type-icon tatsu-icon_card-style1 tatsu-icon_card-align-center tatsu-icon_card-vertical-align-center tatsu-icon_small\" >\n                <style>.tatsu-g3jjhebyfd4p461m .tatsu-icon{color: #ffffff ;}.tatsu-g3jjhebyfd4p461m.tatsu-module{margin: 0px 0px 0px 0px;}<\/style>                                    <div class = \"tatsu-icon_card-icon \">\n                                                    <i aria-label = \"  mail1\" class = \"tatsu-icon tatsu-icon-mail1\">\n                            <\/i>\n                                            <\/div>\n                                                    <div class = \"tatsu-icon_card-title-caption\">\n                                                                            <div class = \"tatsu-icon_card-caption body\">\n                                \n<p><span style=\"color: #ffffff;\"><a style=\"color: #ffffff;\" href=\"mailto:jonas@luxon.fi\">huolto@luxon.fi<\/a><\/span><\/p>\n                            <\/div>\n                                            <\/div>\n                            <\/div>\n                <div  class = \"tatsu-module tatsu-icon_card  tatsu-g3jjhebygqfoydse  tatsu-hide-mobile  tatsu-icon_card-type-icon tatsu-icon_card-style1 tatsu-icon_card-align-left tatsu-icon_card-vertical-align-center tatsu-icon_small\" >\n                <style>.tatsu-g3jjhebygqfoydse .tatsu-icon{color: #ffffff ;}.tatsu-g3jjhebygqfoydse.tatsu-module{margin: 0px 0px 0px 0px;}<\/style>                                    <div class = \"tatsu-icon_card-icon \">\n                                                    <i aria-label = \"  mail1\" class = \"tatsu-icon tatsu-icon-mail1\">\n                            <\/i>\n                                            <\/div>\n                                                    <div class = \"tatsu-icon_card-title-caption\">\n                                                                            <div class = \"tatsu-icon_card-caption body\">\n                                \n<p><span style=\"color: #ffffff;\"><a style=\"color: #ffffff;\" href=\"mailto:jonas@luxon.fi\" data-wplink-edit=\"true\">huolto@luxon.fi<\/a><\/span><\/p>\n                            <\/div>\n                                            <\/div>\n                            <\/div>\n    <\/div><\/div><div class = \"tatsu-column-bg-image-wrap\"><div class = \"tatsu-column-bg-image\" ><\/div><\/div><div class=\"tatsu-overlay tatsu-column-overlay tatsu-animate-none\" ><\/div><\/div><style>.tatsu-row > .tatsu-g3jjhebxq85iq3ec.tatsu-column{width: 50%;}.tatsu-g3jjhebxq85iq3ec.tatsu-column > .tatsu-column-inner > .tatsu-column-overlay{mix-blend-mode: normal;}.tatsu-g3jjhebxq85iq3ec > .tatsu-column-inner > .tatsu-top-divider{z-index: 9999;}.tatsu-g3jjhebxq85iq3ec > .tatsu-column-inner > .tatsu-bottom-divider{z-index: 9999;}.tatsu-g3jjhebxq85iq3ec > .tatsu-column-inner > .tatsu-left-divider{z-index: 9999;}.tatsu-g3jjhebxq85iq3ec > .tatsu-column-inner > .tatsu-right-divider{z-index: 9999;}@media only screen and (max-width:1377px) {.tatsu-row > .tatsu-g3jjhebxq85iq3ec.tatsu-column{width: 50%;}}@media only screen and (min-width:768px) and (max-width: 1024px) {.tatsu-row > .tatsu-g3jjhebxq85iq3ec.tatsu-column{width: 50%;}}@media only screen and (max-width: 767px) {.tatsu-row > .tatsu-g3jjhebxq85iq3ec.tatsu-column{width: 100%;}}<\/style><\/div><div  class=\"tatsu-column  tatsu-bg-overlay tatsu-one-half tatsu-column-image-none tatsu-column-effect-none  tatsu-g3jjhebyiu3w4cn4\"  data-parallax-speed=\"0\" style=\"\"><div class=\"tatsu-column-inner \" ><div class=\"tatsu-column-pad-wrap\"><div class=\"tatsu-column-pad\" ><div  class=\"tatsu-module tatsu-text-block-wrap tatsu-g3jjhebylp43kcxh  \"><div class=\"tatsu-text-inner tatsu-align-center  clearfix\" ><style>.tatsu-g3jjhebylp43kcxh.tatsu-text-block-wrap .tatsu-text-inner{width: 100%;text-align: left;padding: 40px 0px 0px 0px;}@media only screen and (max-width: 767px) {.tatsu-g3jjhebylp43kcxh.tatsu-text-block-wrap .tatsu-text-inner{padding: 0px 0px 0px 0px;}}<\/style>\n<h5 style=\"text-align: center;\"><span style=\"color: #ffffff;\">Web design by <a style=\"color: #ffffff;\" href=\"https:\/\/bamm.fi\"><strong>BAMM!<\/strong><\/a><\/span><\/h5>\n<\/div><\/div><\/div><\/div><div class = \"tatsu-column-bg-image-wrap\"><div class = \"tatsu-column-bg-image\" ><\/div><\/div><div class=\"tatsu-overlay tatsu-column-overlay tatsu-animate-none\" ><\/div><\/div><style>.tatsu-row > .tatsu-g3jjhebyiu3w4cn4.tatsu-column{width: 50%;}.tatsu-g3jjhebyiu3w4cn4.tatsu-column > .tatsu-column-inner > .tatsu-column-overlay{mix-blend-mode: normal;}.tatsu-g3jjhebyiu3w4cn4 > .tatsu-column-inner > .tatsu-top-divider{z-index: 9999;}.tatsu-g3jjhebyiu3w4cn4 > .tatsu-column-inner > .tatsu-bottom-divider{z-index: 9999;}.tatsu-g3jjhebyiu3w4cn4 > .tatsu-column-inner > .tatsu-left-divider{z-index: 9999;}.tatsu-g3jjhebyiu3w4cn4 > .tatsu-column-inner > .tatsu-right-divider{z-index: 9999;}@media only screen and (max-width:1377px) {.tatsu-row > .tatsu-g3jjhebyiu3w4cn4.tatsu-column{width: 50%;}}@media only screen and (min-width:768px) and (max-width: 1024px) {.tatsu-row > .tatsu-g3jjhebyiu3w4cn4.tatsu-column{width: 50%;}}@media only screen and (max-width: 767px) {.tatsu-row > .tatsu-g3jjhebyiu3w4cn4.tatsu-column{width: 100%;}}<\/style><\/div><\/div><\/div><\/div><div class=\"tatsu-section-background-wrap\"><div class = \"tatsu-section-background\" ><\/div><\/div><div class=\"tatsu-overlay tatsu-section-overlay\"><\/div><style>.tatsu-g3jjhebxik3wx5i7.tatsu-section{background-color: rgba(33,117,170,1);}.tatsu-g3jjhebxik3wx5i7 .tatsu-section-pad{padding: 30px 15% 30px 15%;}.tatsu-g3jjhebxik3wx5i7 .tatsu-section-offset-wrap{transform: translateY(-0px);}.tatsu-g3jjhebxik3wx5i7 > .tatsu-bottom-divider{z-index: 9999;}.tatsu-g3jjhebxik3wx5i7 > .tatsu-top-divider{z-index: 9999;}.tatsu-g3jjhebxik3wx5i7 .tatsu-section-overlay{mix-blend-mode: normal;}@media only screen and (max-width: 767px) {.tatsu-g3jjhebxik3wx5i7 .tatsu-section-pad{padding: 50px 5% 30px 5%;}}<\/style><\/div>\n","protected":false},"excerpt":{"rendered":"<div><a href=\"https:\/\/luxon.fi\/fi\/ota-yhteytta\/\" class=\"exp-read-more exp-read-more-underlined\">Read More<\/a><\/div>\n","protected":false},"author":1,"featured_media":0,"parent":0,"menu_order":0,"comment_status":"closed","ping_status":"closed","template":"","meta":{"footnotes":""},"class_list":["post-180","page","type-page","status-publish","hentry"],"yoast_head":"<!-- This site is optimized with the Yoast SEO plugin v22.8 - https:\/\/yoast.com\/wordpress\/plugins\/seo\/ -->\n<title>Luxon - Ota yhteytt\u00e4 | Asennus ja huolto suurkeitti\u00f6ille<\/title>\n<meta name=\"description\" content=\"\u00c4lk\u00e4\u00e4 ep\u00e4r\u00f6ik\u00f6 yhteydenottoa jos teill\u00e4 on kysymyksi\u00e4 huoltosopimuksista tai muista palveluistamme!\" \/>\n<meta name=\"robots\" content=\"index, follow, max-snippet:-1, max-image-preview:large, max-video-preview:-1\" \/>\n<link rel=\"canonical\" href=\"https:\/\/luxon.fi\/fi\/ota-yhteytta\/\" \/>\n<meta property=\"og:locale\" content=\"fi_FI\" \/>\n<meta property=\"og:type\" content=\"article\" \/>\n<meta property=\"og:title\" content=\"Luxon - Ota yhteytt\u00e4 | Asennus ja huolto suurkeitti\u00f6ille\" \/>\n<meta property=\"og:description\" content=\"\u00c4lk\u00e4\u00e4 ep\u00e4r\u00f6ik\u00f6 yhteydenottoa jos teill\u00e4 on kysymyksi\u00e4 huoltosopimuksista tai muista palveluistamme!\" \/>\n<meta property=\"og:url\" content=\"https:\/\/luxon.fi\/fi\/ota-yhteytta\/\" \/>\n<meta property=\"og:site_name\" content=\"Luxon\" \/>\n<meta property=\"article:modified_time\" content=\"2019-06-12T20:58:32+00:00\" \/>\n<meta property=\"og:image\" content=\"https:\/\/luxon.fi\/wp-content\/uploads\/2019\/05\/Luxon-bg.jpg\" \/>\n\t<meta property=\"og:image:width\" content=\"1600\" \/>\n\t<meta property=\"og:image:height\" content=\"608\" \/>\n\t<meta property=\"og:image:type\" content=\"image\/jpeg\" \/>\n<meta name=\"twitter:card\" content=\"summary_large_image\" \/>\n<meta name=\"twitter:label1\" content=\"Arvioitu lukuaika\" \/>\n\t<meta name=\"twitter:data1\" content=\"12 minuuttia\" \/>\n<script type=\"application\/ld+json\" class=\"yoast-schema-graph\">{\"@context\":\"https:\/\/schema.org\",\"@graph\":[{\"@type\":\"WebPage\",\"@id\":\"https:\/\/luxon.fi\/fi\/ota-yhteytta\/\",\"url\":\"https:\/\/luxon.fi\/fi\/ota-yhteytta\/\",\"name\":\"Luxon - Ota yhteytt\u00e4 | Asennus ja huolto suurkeitti\u00f6ille\",\"isPartOf\":{\"@id\":\"https:\/\/luxon.fi\/#website\"},\"datePublished\":\"2019-06-11T21:15:44+00:00\",\"dateModified\":\"2019-06-12T20:58:32+00:00\",\"description\":\"\u00c4lk\u00e4\u00e4 ep\u00e4r\u00f6ik\u00f6 yhteydenottoa jos teill\u00e4 on kysymyksi\u00e4 huoltosopimuksista tai muista palveluistamme!\",\"breadcrumb\":{\"@id\":\"https:\/\/luxon.fi\/fi\/ota-yhteytta\/#breadcrumb\"},\"inLanguage\":\"fi\",\"potentialAction\":[{\"@type\":\"ReadAction\",\"target\":[\"https:\/\/luxon.fi\/fi\/ota-yhteytta\/\"]}]},{\"@type\":\"BreadcrumbList\",\"@id\":\"https:\/\/luxon.fi\/fi\/ota-yhteytta\/#breadcrumb\",\"itemListElement\":[{\"@type\":\"ListItem\",\"position\":1,\"name\":\"Hem\",\"item\":\"https:\/\/luxon.fi\/fi\/\"},{\"@type\":\"ListItem\",\"position\":2,\"name\":\"Ota yhteytt\u00e4\"}]},{\"@type\":\"WebSite\",\"@id\":\"https:\/\/luxon.fi\/#website\",\"url\":\"https:\/\/luxon.fi\/\",\"name\":\"Luxon\",\"description\":\"Installation &amp; service f&ouml;r stork&ouml;k\",\"potentialAction\":[{\"@type\":\"SearchAction\",\"target\":{\"@type\":\"EntryPoint\",\"urlTemplate\":\"https:\/\/luxon.fi\/?s={search_term_string}\"},\"query-input\":\"required name=search_term_string\"}],\"inLanguage\":\"fi\"}]}<\/script>\n<!-- \/ Yoast SEO plugin. -->","yoast_head_json":{"title":"Luxon - Ota yhteytt\u00e4 | Asennus ja huolto suurkeitti\u00f6ille","description":"\u00c4lk\u00e4\u00e4 ep\u00e4r\u00f6ik\u00f6 yhteydenottoa jos teill\u00e4 on kysymyksi\u00e4 huoltosopimuksista tai muista palveluistamme!","robots":{"index":"index","follow":"follow","max-snippet":"max-snippet:-1","max-image-preview":"max-image-preview:large","max-video-preview":"max-video-preview:-1"},"canonical":"https:\/\/luxon.fi\/fi\/ota-yhteytta\/","og_locale":"fi_FI","og_type":"article","og_title":"Luxon - Ota yhteytt\u00e4 | Asennus ja huolto suurkeitti\u00f6ille","og_description":"\u00c4lk\u00e4\u00e4 ep\u00e4r\u00f6ik\u00f6 yhteydenottoa jos teill\u00e4 on kysymyksi\u00e4 huoltosopimuksista tai muista palveluistamme!","og_url":"https:\/\/luxon.fi\/fi\/ota-yhteytta\/","og_site_name":"Luxon","article_modified_time":"2019-06-12T20:58:32+00:00","og_image":[{"width":1600,"height":608,"url":"https:\/\/luxon.fi\/wp-content\/uploads\/2019\/05\/Luxon-bg.jpg","type":"image\/jpeg"}],"twitter_card":"summary_large_image","twitter_misc":{"Arvioitu lukuaika":"12 minuuttia"},"schema":{"@context":"https:\/\/schema.org","@graph":[{"@type":"WebPage","@id":"https:\/\/luxon.fi\/fi\/ota-yhteytta\/","url":"https:\/\/luxon.fi\/fi\/ota-yhteytta\/","name":"Luxon - Ota yhteytt\u00e4 | Asennus ja huolto suurkeitti\u00f6ille","isPartOf":{"@id":"https:\/\/luxon.fi\/#website"},"datePublished":"2019-06-11T21:15:44+00:00","dateModified":"2019-06-12T20:58:32+00:00","description":"\u00c4lk\u00e4\u00e4 ep\u00e4r\u00f6ik\u00f6 yhteydenottoa jos teill\u00e4 on kysymyksi\u00e4 huoltosopimuksista tai muista palveluistamme!","breadcrumb":{"@id":"https:\/\/luxon.fi\/fi\/ota-yhteytta\/#breadcrumb"},"inLanguage":"fi","potentialAction":[{"@type":"ReadAction","target":["https:\/\/luxon.fi\/fi\/ota-yhteytta\/"]}]},{"@type":"BreadcrumbList","@id":"https:\/\/luxon.fi\/fi\/ota-yhteytta\/#breadcrumb","itemListElement":[{"@type":"ListItem","position":1,"name":"Hem","item":"https:\/\/luxon.fi\/fi\/"},{"@type":"ListItem","position":2,"name":"Ota yhteytt\u00e4"}]},{"@type":"WebSite","@id":"https:\/\/luxon.fi\/#website","url":"https:\/\/luxon.fi\/","name":"Luxon","description":"Installation &amp; service f&ouml;r stork&ouml;k","potentialAction":[{"@type":"SearchAction","target":{"@type":"EntryPoint","urlTemplate":"https:\/\/luxon.fi\/?s={search_term_string}"},"query-input":"required name=search_term_string"}],"inLanguage":"fi"}]}},"_links":{"self":[{"href":"https:\/\/luxon.fi\/fi\/wp-json\/wp\/v2\/pages\/180","targetHints":{"allow":["GET"]}}],"collection":[{"href":"https:\/\/luxon.fi\/fi\/wp-json\/wp\/v2\/pages"}],"about":[{"href":"https:\/\/luxon.fi\/fi\/wp-json\/wp\/v2\/types\/page"}],"author":[{"embeddable":true,"href":"https:\/\/luxon.fi\/fi\/wp-json\/wp\/v2\/users\/1"}],"replies":[{"embeddable":true,"href":"https:\/\/luxon.fi\/fi\/wp-json\/wp\/v2\/comments?post=180"}],"version-history":[{"count":4,"href":"https:\/\/luxon.fi\/fi\/wp-json\/wp\/v2\/pages\/180\/revisions"}],"predecessor-version":[{"id":191,"href":"https:\/\/luxon.fi\/fi\/wp-json\/wp\/v2\/pages\/180\/revisions\/191"}],"wp:attachment":[{"href":"https:\/\/luxon.fi\/fi\/wp-json\/wp\/v2\/media?parent=180"}],"curies":[{"name":"wp","href":"https:\/\/api.w.org\/{rel}","templated":true}]}}