{"id":177,"date":"2019-06-11T21:12:19","date_gmt":"2019-06-11T21:12:19","guid":{"rendered":"https:\/\/luxon.fi\/?page_id=177"},"modified":"2019-06-12T20:57:45","modified_gmt":"2019-06-12T20:57:45","slug":"vuosihuolto","status":"publish","type":"page","link":"https:\/\/luxon.fi\/fi\/vuosihuolto\/","title":{"rendered":"Vuosihuolto"},"content":{"rendered":"<div  class=\"tatsu-g3jjf6h98l77rsui tatsu-section  tatsu-bg-overlay tatsu-prevent-overflow   tatsu-clearfix\" data-title=\"\"  data-headerscheme=\"background--dark\"><div class='tatsu-section-pad clearfix' data-padding='{\"d\":\"90px 15% 90px 15%\",\"m\":\"70px 5% 70px 5%\",\"t\":\"70px 5% 70px 5%\"}' data-padding-top='70px'><div class=\"tatsu-row-wrap  tatsu-row-full-width tatsu-row-one-col tatsu-row-has-one-cols tatsu-medium-gutter tatsu-reg-cols  tatsu-clearfix tatsu-g3jjf6h9bcuhvpv\" ><div  class=\"tatsu-row \" ><div  class=\"tatsu-column  tatsu-bg-overlay tatsu-one-col tatsu-column-image-none tatsu-column-effect-none tatsu-prevent-overflow  tatsu-g3jjf6h9em8yyxmv\"  data-parallax-speed=\"0\" style=\"\"><div class=\"tatsu-column-inner \" ><div class=\"tatsu-column-pad-wrap\"><div class=\"tatsu-column-pad\" ><div  class=\"tatsu-module tatsu-text-block-wrap tatsu-g3jjf6h9hof94z28  \"><div class=\"tatsu-text-inner tatsu-align-center  clearfix\" ><style>.tatsu-g3jjf6h9hof94z28.tatsu-text-block-wrap .tatsu-text-inner{width: 100%;text-align: left;}<\/style>\n<h1><span style=\"color: #ffffff;\">Vuosihuolto<\/span><\/h1>\n<\/div><\/div><div  class=\"tatsu-module tatsu-text-block-wrap tatsu-g3jjf6h9yk9dbdoh  \"><div class=\"tatsu-text-inner   clearfix\" ><style>.tatsu-g3jjf6h9yk9dbdoh.tatsu-text-block-wrap .tatsu-text-inner{width: 60%;text-align: left;}@media only screen and (max-width:1377px) {.tatsu-g3jjf6h9yk9dbdoh.tatsu-text-block-wrap .tatsu-text-inner{width: 70%;}}@media only screen and (min-width:768px) and (max-width: 1024px) {.tatsu-g3jjf6h9yk9dbdoh.tatsu-text-block-wrap .tatsu-text-inner{width: 80%;}}@media only screen and (max-width: 767px) {.tatsu-g3jjf6h9yk9dbdoh.tatsu-text-block-wrap .tatsu-text-inner{width: 95%;}}<\/style>\n<p><span style=\"color: #ffffff;\">Suurkeitti\u00f6ss\u00e4 voi pienikin katkos tarkoittaa taloudellista tappiota. Ennaltaehk\u00e4isev\u00e4 koneiden sek\u00e4 muun k\u00e4ytt\u00f6omaisuuden huoltaminen on paras tapa v\u00e4ltt\u00e4\u00e4 turhia ja kalliita ty\u00f6katkoksia. Siksi suosittelemme vuosihuolto sopimuksiamme. Jokainen sopimus r\u00e4\u00e4t\u00e4l\u00f6id\u00e4\u00e4n koneidenne sek\u00e4 kustannustasonne mukaan.<\/span><\/p>\n<p><span style=\"color: #ffffff;\">Lis\u00e4tietoja huoltosopimuksista sek\u00e4 muista palveluistamme ottamalla yhteytt\u00e4 meihin.<\/span><\/p>\n<\/div><\/div><\/div><\/div><div class = \"tatsu-column-bg-image-wrap\"><div class = \"tatsu-column-bg-image\" ><\/div><\/div><div class=\"tatsu-overlay tatsu-column-overlay tatsu-animate-none\" ><\/div><\/div><style>.tatsu-row > .tatsu-g3jjf6h9em8yyxmv.tatsu-column{width: 100%;}.tatsu-g3jjf6h9em8yyxmv.tatsu-column > .tatsu-column-inner > .tatsu-column-overlay{mix-blend-mode: normal;}.tatsu-g3jjf6h9em8yyxmv > .tatsu-column-inner > .tatsu-top-divider{z-index: 9999;}.tatsu-g3jjf6h9em8yyxmv > .tatsu-column-inner > .tatsu-bottom-divider{z-index: 9999;}.tatsu-g3jjf6h9em8yyxmv > .tatsu-column-inner > .tatsu-left-divider{z-index: 9999;}.tatsu-g3jjf6h9em8yyxmv > .tatsu-column-inner > .tatsu-right-divider{z-index: 9999;}@media only screen and (max-width:1377px) {.tatsu-row > .tatsu-g3jjf6h9em8yyxmv.tatsu-column{width: 100%;}}@media only screen and (min-width:768px) and (max-width: 1024px) {.tatsu-row > .tatsu-g3jjf6h9em8yyxmv.tatsu-column{width: 100%;}}@media only screen and (max-width: 767px) {.tatsu-row > .tatsu-g3jjf6h9em8yyxmv.tatsu-column{width: 100%;}}<\/style><\/div><\/div><\/div><\/div><div class=\"tatsu-section-background-wrap\"><div class = \"tatsu-section-background\" ><\/div><\/div><div class=\"tatsu-overlay tatsu-section-overlay\"><\/div><style>.tatsu-g3jjf6h98l77rsui.tatsu-section{background-color: rgba(48,146,208,1);}.tatsu-g3jjf6h98l77rsui .tatsu-section-pad{padding: 90px 15% 90px 15%;}.tatsu-g3jjf6h98l77rsui .tatsu-section-offset-wrap{transform: translateY(-0px);}.tatsu-g3jjf6h98l77rsui > .tatsu-bottom-divider{z-index: 9999;}.tatsu-g3jjf6h98l77rsui > .tatsu-top-divider{z-index: 9999;}.tatsu-g3jjf6h98l77rsui .tatsu-section-overlay{mix-blend-mode: normal;}@media only screen and (min-width:768px) and (max-width: 1024px) {.tatsu-g3jjf6h98l77rsui .tatsu-section-pad{padding: 70px 5% 70px 5%;}}@media only screen and (max-width: 767px) {.tatsu-g3jjf6h98l77rsui .tatsu-section-pad{padding: 70px 5% 70px 5%;}}<\/style><\/div><div  class=\"tatsu-g3jjferdzd5uwopc tatsu-section  tatsu-bg-overlay   tatsu-clearfix\" data-title=\"\"  data-headerscheme=\"background--dark\"><div class='tatsu-section-pad clearfix' data-padding='{\"d\":\"30px 15% 30px 15%\",\"m\":\"50px 5% 30px 5%\"}' data-padding-top='50px'><div class=\"tatsu-row-wrap  tatsu-row-full-width tatsu-row-has-one-half tatsu-row-has-two-cols tatsu-medium-gutter tatsu-reg-cols  tatsu-clearfix tatsu-g3jjfere2t342av5\" ><div  class=\"tatsu-row \" ><div  class=\"tatsu-column  tatsu-bg-overlay tatsu-one-half tatsu-column-image-none tatsu-column-effect-none  tatsu-g3jjfere6x55ru4f\"  data-parallax-speed=\"0\" style=\"\"><div class=\"tatsu-column-inner \" ><div class=\"tatsu-column-pad-wrap\"><div class=\"tatsu-column-pad\" ><div  class=\"tatsu-module tatsu-text-block-wrap tatsu-g3jjfere9e5gywky  tatsu-hide-mobile \"><div class=\"tatsu-text-inner tatsu-align-center  clearfix\" ><style>.tatsu-g3jjfere9e5gywky.tatsu-text-block-wrap .tatsu-text-inner{width: 100%;text-align: left;}.tatsu-g3jjfere9e5gywky.tatsu-text-block-wrap{margin: 0px 0px 20px 0px;}<\/style>\n<h4><span style=\"color: #ffffff;\">Luxon Ab Oy<\/span><\/h4>\n<\/div><\/div><div  class=\"tatsu-module tatsu-text-block-wrap tatsu-g3jjferer86177pu  tatsu-hide-desktop tatsu-hide-laptop tatsu-hide-tablet \"><div class=\"tatsu-text-inner tatsu-align-center  clearfix\" ><style>.tatsu-g3jjferer86177pu.tatsu-text-block-wrap .tatsu-text-inner{width: 100%;text-align: left;}.tatsu-g3jjferer86177pu.tatsu-text-block-wrap{margin: 0px 0px 20px 0px;}<\/style>\n<h4 style=\"text-align: center;\"><span style=\"color: #ffffff;\">Luxon Ab Oy<\/span><\/h4>\n<\/div><\/div>            <div  class = \"tatsu-module tatsu-icon_card  tatsu-g3jjferet6eji65y  tatsu-hide-desktop tatsu-hide-laptop tatsu-hide-tablet  tatsu-icon_card-type-icon tatsu-icon_card-style1 tatsu-icon_card-align-center tatsu-icon_card-vertical-align-center tatsu-icon_small\" >\n                <style>.tatsu-g3jjferet6eji65y .tatsu-icon{color: #ffffff ;}.tatsu-g3jjferet6eji65y.tatsu-module{margin: 0px 0px 10px 0px;}@media only screen and (max-width: 767px) {.tatsu-g3jjferet6eji65y{padding: 0 0 5px 0;}}<\/style>                                    <div class = \"tatsu-icon_card-icon \">\n                                                    <i aria-label = \"  mobile1\" class = \"tatsu-icon tatsu-icon-mobile1\">\n                            <\/i>\n                                            <\/div>\n                                                    <div class = \"tatsu-icon_card-title-caption\">\n                                                                            <div class = \"tatsu-icon_card-caption body\">\n                                \n<p><span style=\"color: #ffffff;\"><a style=\"color: #ffffff;\" href=\"tel:020-7308111\">020-7308111<\/a><\/span><\/p>\n                            <\/div>\n                                            <\/div>\n                            <\/div>\n                <div  class = \"tatsu-module tatsu-icon_card  tatsu-g3jjferev1cjna2j  tatsu-hide-mobile  tatsu-icon_card-type-icon tatsu-icon_card-style1 tatsu-icon_card-align-left tatsu-icon_card-vertical-align-center tatsu-icon_small\" >\n                <style>.tatsu-g3jjferev1cjna2j .tatsu-icon{color: #ffffff ;}.tatsu-g3jjferev1cjna2j.tatsu-module{margin: 0px 0px 10px 0px;}<\/style>                                    <div class = \"tatsu-icon_card-icon \">\n                                                    <i aria-label = \"  mobile1\" class = \"tatsu-icon tatsu-icon-mobile1\">\n                            <\/i>\n                                            <\/div>\n                                                    <div class = \"tatsu-icon_card-title-caption\">\n                                                                            <div class = \"tatsu-icon_card-caption body\">\n                                \n<p><span style=\"color: #ffffff;\"><a style=\"color: #ffffff;\" href=\"tel:020-7308111\">020-7308111<\/a><\/span><\/p>\n                            <\/div>\n                                            <\/div>\n                            <\/div>\n                <div  class = \"tatsu-module tatsu-icon_card  tatsu-g3jjferewi74gl0f  tatsu-hide-desktop tatsu-hide-laptop tatsu-hide-tablet  tatsu-icon_card-type-icon tatsu-icon_card-style1 tatsu-icon_card-align-center tatsu-icon_card-vertical-align-center tatsu-icon_small\" >\n                <style>.tatsu-g3jjferewi74gl0f .tatsu-icon{color: #ffffff ;}.tatsu-g3jjferewi74gl0f.tatsu-module{margin: 0px 0px 0px 0px;}<\/style>                                    <div class = \"tatsu-icon_card-icon \">\n                                                    <i aria-label = \"  mail1\" class = \"tatsu-icon tatsu-icon-mail1\">\n                            <\/i>\n                                            <\/div>\n                                                    <div class = \"tatsu-icon_card-title-caption\">\n                                                                            <div class = \"tatsu-icon_card-caption body\">\n                                \n<p><span style=\"color: #ffffff;\"><a style=\"color: #ffffff;\" href=\"mailto:jonas@luxon.fi\">huolto@luxon.fi<\/a><\/span><\/p>\n                            <\/div>\n                                            <\/div>\n                            <\/div>\n                <div  class = \"tatsu-module tatsu-icon_card  tatsu-g3jjferexv27ap3e  tatsu-hide-mobile  tatsu-icon_card-type-icon tatsu-icon_card-style1 tatsu-icon_card-align-left tatsu-icon_card-vertical-align-center tatsu-icon_small\" >\n                <style>.tatsu-g3jjferexv27ap3e .tatsu-icon{color: #ffffff ;}.tatsu-g3jjferexv27ap3e.tatsu-module{margin: 0px 0px 0px 0px;}<\/style>                                    <div class = \"tatsu-icon_card-icon \">\n                                                    <i aria-label = \"  mail1\" class = \"tatsu-icon tatsu-icon-mail1\">\n                            <\/i>\n                                            <\/div>\n                                                    <div class = \"tatsu-icon_card-title-caption\">\n                                                                            <div class = \"tatsu-icon_card-caption body\">\n                                \n<p><span style=\"color: #ffffff;\"><a style=\"color: #ffffff;\" href=\"mailto:jonas@luxon.fi\" data-wplink-edit=\"true\">huolto@luxon.fi<\/a><\/span><\/p>\n                            <\/div>\n                                            <\/div>\n                            <\/div>\n    <\/div><\/div><div class = \"tatsu-column-bg-image-wrap\"><div class = \"tatsu-column-bg-image\" ><\/div><\/div><div class=\"tatsu-overlay tatsu-column-overlay tatsu-animate-none\" ><\/div><\/div><style>.tatsu-row > .tatsu-g3jjfere6x55ru4f.tatsu-column{width: 50%;}.tatsu-g3jjfere6x55ru4f.tatsu-column > .tatsu-column-inner > .tatsu-column-overlay{mix-blend-mode: normal;}.tatsu-g3jjfere6x55ru4f > .tatsu-column-inner > .tatsu-top-divider{z-index: 9999;}.tatsu-g3jjfere6x55ru4f > .tatsu-column-inner > .tatsu-bottom-divider{z-index: 9999;}.tatsu-g3jjfere6x55ru4f > .tatsu-column-inner > .tatsu-left-divider{z-index: 9999;}.tatsu-g3jjfere6x55ru4f > .tatsu-column-inner > .tatsu-right-divider{z-index: 9999;}@media only screen and (max-width:1377px) {.tatsu-row > .tatsu-g3jjfere6x55ru4f.tatsu-column{width: 50%;}}@media only screen and (min-width:768px) and (max-width: 1024px) {.tatsu-row > .tatsu-g3jjfere6x55ru4f.tatsu-column{width: 50%;}}@media only screen and (max-width: 767px) {.tatsu-row > .tatsu-g3jjfere6x55ru4f.tatsu-column{width: 100%;}}<\/style><\/div><div  class=\"tatsu-column  tatsu-bg-overlay tatsu-one-half tatsu-column-image-none tatsu-column-effect-none  tatsu-g3jjferezy5gc0u4\"  data-parallax-speed=\"0\" style=\"\"><div class=\"tatsu-column-inner \" ><div class=\"tatsu-column-pad-wrap\"><div class=\"tatsu-column-pad\" ><div  class=\"tatsu-module tatsu-text-block-wrap tatsu-g3jjferf2q1zcn3w  \"><div class=\"tatsu-text-inner tatsu-align-center  clearfix\" ><style>.tatsu-g3jjferf2q1zcn3w.tatsu-text-block-wrap .tatsu-text-inner{width: 100%;text-align: left;padding: 40px 0px 0px 0px;}@media only screen and (max-width: 767px) {.tatsu-g3jjferf2q1zcn3w.tatsu-text-block-wrap .tatsu-text-inner{padding: 0px 0px 0px 0px;}}<\/style>\n<h5 style=\"text-align: center;\"><span style=\"color: #ffffff;\">Web design by <a style=\"color: #ffffff;\" href=\"https:\/\/bamm.fi\"><strong>BAMM!<\/strong><\/a><\/span><\/h5>\n<\/div><\/div><\/div><\/div><div class = \"tatsu-column-bg-image-wrap\"><div class = \"tatsu-column-bg-image\" ><\/div><\/div><div class=\"tatsu-overlay tatsu-column-overlay tatsu-animate-none\" ><\/div><\/div><style>.tatsu-row > .tatsu-g3jjferezy5gc0u4.tatsu-column{width: 50%;}.tatsu-g3jjferezy5gc0u4.tatsu-column > .tatsu-column-inner > .tatsu-column-overlay{mix-blend-mode: normal;}.tatsu-g3jjferezy5gc0u4 > .tatsu-column-inner > .tatsu-top-divider{z-index: 9999;}.tatsu-g3jjferezy5gc0u4 > .tatsu-column-inner > .tatsu-bottom-divider{z-index: 9999;}.tatsu-g3jjferezy5gc0u4 > .tatsu-column-inner > .tatsu-left-divider{z-index: 9999;}.tatsu-g3jjferezy5gc0u4 > .tatsu-column-inner > .tatsu-right-divider{z-index: 9999;}@media only screen and (max-width:1377px) {.tatsu-row > .tatsu-g3jjferezy5gc0u4.tatsu-column{width: 50%;}}@media only screen and (min-width:768px) and (max-width: 1024px) {.tatsu-row > .tatsu-g3jjferezy5gc0u4.tatsu-column{width: 50%;}}@media only screen and (max-width: 767px) {.tatsu-row > .tatsu-g3jjferezy5gc0u4.tatsu-column{width: 100%;}}<\/style><\/div><\/div><\/div><\/div><div class=\"tatsu-section-background-wrap\"><div class = \"tatsu-section-background\" ><\/div><\/div><div class=\"tatsu-overlay tatsu-section-overlay\"><\/div><style>.tatsu-g3jjferdzd5uwopc.tatsu-section{background-color: rgba(33,117,170,1);}.tatsu-g3jjferdzd5uwopc .tatsu-section-pad{padding: 30px 15% 30px 15%;}.tatsu-g3jjferdzd5uwopc .tatsu-section-offset-wrap{transform: translateY(-0px);}.tatsu-g3jjferdzd5uwopc > .tatsu-bottom-divider{z-index: 9999;}.tatsu-g3jjferdzd5uwopc > .tatsu-top-divider{z-index: 9999;}.tatsu-g3jjferdzd5uwopc .tatsu-section-overlay{mix-blend-mode: normal;}@media only screen and (max-width: 767px) {.tatsu-g3jjferdzd5uwopc .tatsu-section-pad{padding: 50px 5% 30px 5%;}}<\/style><\/div>\n","protected":false},"excerpt":{"rendered":"<div><a href=\"https:\/\/luxon.fi\/fi\/vuosihuolto\/\" class=\"exp-read-more exp-read-more-underlined\">Read More<\/a><\/div>\n","protected":false},"author":1,"featured_media":0,"parent":0,"menu_order":0,"comment_status":"closed","ping_status":"closed","template":"","meta":{"footnotes":""},"class_list":["post-177","page","type-page","status-publish","hentry"],"yoast_head":"<!-- This site is optimized with the Yoast SEO plugin v22.8 - https:\/\/yoast.com\/wordpress\/plugins\/seo\/ -->\n<title>Luxon - Vuosihuolto | Asennus ja huolto suurkeitti\u00f6ille<\/title>\n<meta name=\"description\" content=\"Ennaltaehk\u00e4isev\u00e4 koneiden sek\u00e4 muun k\u00e4ytt\u00f6omaisuuden huoltaminen on paras tapa v\u00e4ltt\u00e4\u00e4 turhia ja kalliita ty\u00f6katkoksia.\" \/>\n<meta name=\"robots\" content=\"index, follow, max-snippet:-1, max-image-preview:large, max-video-preview:-1\" \/>\n<link rel=\"canonical\" href=\"https:\/\/luxon.fi\/fi\/vuosihuolto\/\" \/>\n<meta property=\"og:locale\" content=\"fi_FI\" \/>\n<meta property=\"og:type\" content=\"article\" \/>\n<meta property=\"og:title\" content=\"Luxon - Vuosihuolto | Asennus ja huolto suurkeitti\u00f6ille\" \/>\n<meta property=\"og:description\" content=\"Ennaltaehk\u00e4isev\u00e4 koneiden sek\u00e4 muun k\u00e4ytt\u00f6omaisuuden huoltaminen on paras tapa v\u00e4ltt\u00e4\u00e4 turhia ja kalliita ty\u00f6katkoksia.\" \/>\n<meta property=\"og:url\" content=\"https:\/\/luxon.fi\/fi\/vuosihuolto\/\" \/>\n<meta property=\"og:site_name\" content=\"Luxon\" \/>\n<meta property=\"article:modified_time\" content=\"2019-06-12T20:57:45+00:00\" \/>\n<meta property=\"og:image\" content=\"https:\/\/luxon.fi\/wp-content\/uploads\/2019\/05\/Luxon-bg.jpg\" \/>\n\t<meta property=\"og:image:width\" content=\"1600\" \/>\n\t<meta property=\"og:image:height\" content=\"608\" \/>\n\t<meta property=\"og:image:type\" content=\"image\/jpeg\" \/>\n<meta name=\"twitter:card\" content=\"summary_large_image\" \/>\n<meta name=\"twitter:label1\" content=\"Arvioitu lukuaika\" \/>\n\t<meta name=\"twitter:data1\" content=\"12 minuuttia\" \/>\n<script type=\"application\/ld+json\" class=\"yoast-schema-graph\">{\"@context\":\"https:\/\/schema.org\",\"@graph\":[{\"@type\":\"WebPage\",\"@id\":\"https:\/\/luxon.fi\/fi\/vuosihuolto\/\",\"url\":\"https:\/\/luxon.fi\/fi\/vuosihuolto\/\",\"name\":\"Luxon - Vuosihuolto | Asennus ja huolto suurkeitti\u00f6ille\",\"isPartOf\":{\"@id\":\"https:\/\/luxon.fi\/#website\"},\"datePublished\":\"2019-06-11T21:12:19+00:00\",\"dateModified\":\"2019-06-12T20:57:45+00:00\",\"description\":\"Ennaltaehk\u00e4isev\u00e4 koneiden sek\u00e4 muun k\u00e4ytt\u00f6omaisuuden huoltaminen on paras tapa v\u00e4ltt\u00e4\u00e4 turhia ja kalliita ty\u00f6katkoksia.\",\"breadcrumb\":{\"@id\":\"https:\/\/luxon.fi\/fi\/vuosihuolto\/#breadcrumb\"},\"inLanguage\":\"fi\",\"potentialAction\":[{\"@type\":\"ReadAction\",\"target\":[\"https:\/\/luxon.fi\/fi\/vuosihuolto\/\"]}]},{\"@type\":\"BreadcrumbList\",\"@id\":\"https:\/\/luxon.fi\/fi\/vuosihuolto\/#breadcrumb\",\"itemListElement\":[{\"@type\":\"ListItem\",\"position\":1,\"name\":\"Hem\",\"item\":\"https:\/\/luxon.fi\/fi\/\"},{\"@type\":\"ListItem\",\"position\":2,\"name\":\"Vuosihuolto\"}]},{\"@type\":\"WebSite\",\"@id\":\"https:\/\/luxon.fi\/#website\",\"url\":\"https:\/\/luxon.fi\/\",\"name\":\"Luxon\",\"description\":\"Installation &amp; service f&ouml;r stork&ouml;k\",\"potentialAction\":[{\"@type\":\"SearchAction\",\"target\":{\"@type\":\"EntryPoint\",\"urlTemplate\":\"https:\/\/luxon.fi\/?s={search_term_string}\"},\"query-input\":\"required name=search_term_string\"}],\"inLanguage\":\"fi\"}]}<\/script>\n<!-- \/ Yoast SEO plugin. -->","yoast_head_json":{"title":"Luxon - Vuosihuolto | Asennus ja huolto suurkeitti\u00f6ille","description":"Ennaltaehk\u00e4isev\u00e4 koneiden sek\u00e4 muun k\u00e4ytt\u00f6omaisuuden huoltaminen on paras tapa v\u00e4ltt\u00e4\u00e4 turhia ja kalliita ty\u00f6katkoksia.","robots":{"index":"index","follow":"follow","max-snippet":"max-snippet:-1","max-image-preview":"max-image-preview:large","max-video-preview":"max-video-preview:-1"},"canonical":"https:\/\/luxon.fi\/fi\/vuosihuolto\/","og_locale":"fi_FI","og_type":"article","og_title":"Luxon - Vuosihuolto | Asennus ja huolto suurkeitti\u00f6ille","og_description":"Ennaltaehk\u00e4isev\u00e4 koneiden sek\u00e4 muun k\u00e4ytt\u00f6omaisuuden huoltaminen on paras tapa v\u00e4ltt\u00e4\u00e4 turhia ja kalliita ty\u00f6katkoksia.","og_url":"https:\/\/luxon.fi\/fi\/vuosihuolto\/","og_site_name":"Luxon","article_modified_time":"2019-06-12T20:57:45+00:00","og_image":[{"width":1600,"height":608,"url":"https:\/\/luxon.fi\/wp-content\/uploads\/2019\/05\/Luxon-bg.jpg","type":"image\/jpeg"}],"twitter_card":"summary_large_image","twitter_misc":{"Arvioitu lukuaika":"12 minuuttia"},"schema":{"@context":"https:\/\/schema.org","@graph":[{"@type":"WebPage","@id":"https:\/\/luxon.fi\/fi\/vuosihuolto\/","url":"https:\/\/luxon.fi\/fi\/vuosihuolto\/","name":"Luxon - Vuosihuolto | Asennus ja huolto suurkeitti\u00f6ille","isPartOf":{"@id":"https:\/\/luxon.fi\/#website"},"datePublished":"2019-06-11T21:12:19+00:00","dateModified":"2019-06-12T20:57:45+00:00","description":"Ennaltaehk\u00e4isev\u00e4 koneiden sek\u00e4 muun k\u00e4ytt\u00f6omaisuuden huoltaminen on paras tapa v\u00e4ltt\u00e4\u00e4 turhia ja kalliita ty\u00f6katkoksia.","breadcrumb":{"@id":"https:\/\/luxon.fi\/fi\/vuosihuolto\/#breadcrumb"},"inLanguage":"fi","potentialAction":[{"@type":"ReadAction","target":["https:\/\/luxon.fi\/fi\/vuosihuolto\/"]}]},{"@type":"BreadcrumbList","@id":"https:\/\/luxon.fi\/fi\/vuosihuolto\/#breadcrumb","itemListElement":[{"@type":"ListItem","position":1,"name":"Hem","item":"https:\/\/luxon.fi\/fi\/"},{"@type":"ListItem","position":2,"name":"Vuosihuolto"}]},{"@type":"WebSite","@id":"https:\/\/luxon.fi\/#website","url":"https:\/\/luxon.fi\/","name":"Luxon","description":"Installation &amp; service f&ouml;r stork&ouml;k","potentialAction":[{"@type":"SearchAction","target":{"@type":"EntryPoint","urlTemplate":"https:\/\/luxon.fi\/?s={search_term_string}"},"query-input":"required name=search_term_string"}],"inLanguage":"fi"}]}},"_links":{"self":[{"href":"https:\/\/luxon.fi\/fi\/wp-json\/wp\/v2\/pages\/177","targetHints":{"allow":["GET"]}}],"collection":[{"href":"https:\/\/luxon.fi\/fi\/wp-json\/wp\/v2\/pages"}],"about":[{"href":"https:\/\/luxon.fi\/fi\/wp-json\/wp\/v2\/types\/page"}],"author":[{"embeddable":true,"href":"https:\/\/luxon.fi\/fi\/wp-json\/wp\/v2\/users\/1"}],"replies":[{"embeddable":true,"href":"https:\/\/luxon.fi\/fi\/wp-json\/wp\/v2\/comments?post=177"}],"version-history":[{"count":3,"href":"https:\/\/luxon.fi\/fi\/wp-json\/wp\/v2\/pages\/177\/revisions"}],"predecessor-version":[{"id":190,"href":"https:\/\/luxon.fi\/fi\/wp-json\/wp\/v2\/pages\/177\/revisions\/190"}],"wp:attachment":[{"href":"https:\/\/luxon.fi\/fi\/wp-json\/wp\/v2\/media?parent=177"}],"curies":[{"name":"wp","href":"https:\/\/api.w.org\/{rel}","templated":true}]}}