{"id":173,"date":"2019-06-11T21:08:11","date_gmt":"2019-06-11T21:08:11","guid":{"rendered":"https:\/\/luxon.fi\/?page_id=173"},"modified":"2022-11-28T14:34:08","modified_gmt":"2022-11-28T14:34:08","slug":"meistae","status":"publish","type":"page","link":"https:\/\/luxon.fi\/fi\/meistae\/","title":{"rendered":"Meist\u00e4"},"content":{"rendered":"<div  class=\"tatsu-S1WOiM46TN tatsu-section  tatsu-bg-overlay   tatsu-clearfix\" data-title=\"\"  data-headerscheme=\"background--dark\"><div class='tatsu-section-pad clearfix' data-padding='{\"d\":\"90px 15% 90px 15%\",\"m\":\"70px 5% 70px 5%\",\"t\":\"70px 5% 70px 5%\"}' data-padding-top='70px'><div class=\"tatsu-row-wrap  tatsu-row-full-width tatsu-row-one-col tatsu-row-has-one-cols tatsu-medium-gutter tatsu-reg-cols  tatsu-clearfix tatsu-ByluoME6p4\" ><div  class=\"tatsu-row \" ><div  class=\"tatsu-column  tatsu-bg-overlay tatsu-one-col tatsu-column-image-none tatsu-column-effect-none  tatsu-rJdjG466E\"  data-parallax-speed=\"0\" style=\"\"><div class=\"tatsu-column-inner \" ><div class=\"tatsu-column-pad-wrap\"><div class=\"tatsu-column-pad\" ><div  class=\"tatsu-module tatsu-text-block-wrap tatsu-BJnkmN6TE  \"><div class=\"tatsu-text-inner tatsu-align-center  clearfix\" ><style>.tatsu-BJnkmN6TE.tatsu-text-block-wrap .tatsu-text-inner{width: 100%;text-align: left;}<\/style>\n<h1><span style=\"color: #ffffff;\">Meist\u00e4<\/span><\/h1>\n<\/div><\/div><div  class=\"tatsu-module tatsu-text-block-wrap tatsu-SJKnMVTTV  \"><div class=\"tatsu-text-inner   clearfix\" ><style>.tatsu-SJKnMVTTV.tatsu-text-block-wrap .tatsu-text-inner{width: 60%;text-align: left;}@media only screen and (max-width:1377px) {.tatsu-SJKnMVTTV.tatsu-text-block-wrap .tatsu-text-inner{width: 70%;}}@media only screen and (min-width:768px) and (max-width: 1024px) {.tatsu-SJKnMVTTV.tatsu-text-block-wrap .tatsu-text-inner{width: 80%;}}@media only screen and (max-width: 767px) {.tatsu-SJKnMVTTV.tatsu-text-block-wrap .tatsu-text-inner{width: 95%;}}<\/style>\n<p><span style=\"color: #ffffff;\">Luxonin perusti Jonas Seitovaara vuonna 2011. Luxon koostuu t\u00e4n\u00e4 p\u00e4iv\u00e4n\u00e4 nelj\u00e4st\u00e4 ty\u00f6ntekij\u00e4st\u00e4 joiden toimialueena on koko Pohjanmaa. Tarjoamme huoltoa ja asennusta kaiken tyyppisille suurkeitti\u00f6ille. Meill\u00e4 on huolenpitosopimus Electroluxin kanssa. <\/span><\/p>\n<p><span style=\"color: #ffffff;\">Sen lis\u00e4ksi pyrimme huoltamaan kaikkia markkinoilla olevia merkkej\u00e4, n\u00e4in voimme palvella teit\u00e4 keitti\u00f6nne kokoonpanosta huolimatta. Jos laitteen korjaaminen ei ole mahdollista, autamme teit\u00e4 korvaavan laitteen hankinnassa.<\/span><\/p>\n<p><span style=\"color: #ffffff;\">Olemme panostaneet omaan varaosavarastoomme joka sijaitsee Vaasassa. T\u00e4m\u00e4 takaa sen ett\u00e4 voimme tarjota nopeaa ja tehokasta apua laiterikon sattuessa.<\/span><\/p>\n<\/div><\/div><\/div><\/div><div class = \"tatsu-column-bg-image-wrap\"><div class = \"tatsu-column-bg-image\" ><\/div><\/div><div class=\"tatsu-overlay tatsu-column-overlay tatsu-animate-none\" ><\/div><\/div><style>.tatsu-row > .tatsu-rJdjG466E.tatsu-column{width: 100%;}.tatsu-rJdjG466E.tatsu-column > .tatsu-column-inner > .tatsu-column-overlay{mix-blend-mode: normal;}.tatsu-rJdjG466E > .tatsu-column-inner > .tatsu-top-divider{z-index: 9999;}.tatsu-rJdjG466E > .tatsu-column-inner > .tatsu-bottom-divider{z-index: 9999;}.tatsu-rJdjG466E > .tatsu-column-inner > .tatsu-left-divider{z-index: 9999;}.tatsu-rJdjG466E > .tatsu-column-inner > .tatsu-right-divider{z-index: 9999;}@media only screen and (max-width:1377px) {.tatsu-row > .tatsu-rJdjG466E.tatsu-column{width: 100%;}}@media only screen and (min-width:768px) and (max-width: 1024px) {.tatsu-row > .tatsu-rJdjG466E.tatsu-column{width: 100%;}}@media only screen and (max-width: 767px) {.tatsu-row > .tatsu-rJdjG466E.tatsu-column{width: 100%;}}<\/style><\/div><\/div><\/div><\/div><div class=\"tatsu-section-background-wrap\"><div class = \"tatsu-section-background\" ><\/div><\/div><div class=\"tatsu-overlay tatsu-section-overlay\"><\/div><style>.tatsu-S1WOiM46TN.tatsu-section{background-color: rgba(48,146,208,1);}.tatsu-S1WOiM46TN .tatsu-section-pad{padding: 90px 15% 90px 15%;}.tatsu-S1WOiM46TN .tatsu-section-offset-wrap{transform: translateY(-0px);}.tatsu-S1WOiM46TN > .tatsu-bottom-divider{z-index: 9999;}.tatsu-S1WOiM46TN > .tatsu-top-divider{z-index: 9999;}.tatsu-S1WOiM46TN .tatsu-section-overlay{mix-blend-mode: normal;}@media only screen and (min-width:768px) and (max-width: 1024px) {.tatsu-S1WOiM46TN .tatsu-section-pad{padding: 70px 5% 70px 5%;}}@media only screen and (max-width: 767px) {.tatsu-S1WOiM46TN .tatsu-section-pad{padding: 70px 5% 70px 5%;}}<\/style><\/div><div  class=\"tatsu-g3jj38ceqlclz5xg tatsu-section  tatsu-bg-overlay   tatsu-clearfix\" data-title=\"\"  data-headerscheme=\"background--dark\"><div class='tatsu-section-pad clearfix' data-padding='{\"d\":\"30px 15% 30px 15%\",\"m\":\"50px 5% 30px 5%\"}' data-padding-top='50px'><div class=\"tatsu-row-wrap  tatsu-row-full-width tatsu-row-has-one-half tatsu-row-has-two-cols tatsu-medium-gutter tatsu-reg-cols  tatsu-clearfix tatsu-g3jj38ceu274lqh3\" ><div  class=\"tatsu-row \" ><div  class=\"tatsu-column  tatsu-bg-overlay tatsu-one-half tatsu-column-image-none tatsu-column-effect-none  tatsu-g3jj38ceygg1pg6g\"  data-parallax-speed=\"0\" style=\"\"><div class=\"tatsu-column-inner \" ><div class=\"tatsu-column-pad-wrap\"><div class=\"tatsu-column-pad\" ><div  class=\"tatsu-module tatsu-text-block-wrap tatsu-g3jj38cf0yafz584  tatsu-hide-mobile \"><div class=\"tatsu-text-inner tatsu-align-center  clearfix\" ><style>.tatsu-g3jj38cf0yafz584.tatsu-text-block-wrap .tatsu-text-inner{width: 100%;text-align: left;}.tatsu-g3jj38cf0yafz584.tatsu-text-block-wrap{margin: 0px 0px 20px 0px;}<\/style>\n<h4><span style=\"color: #ffffff;\">Luxon Ab Oy<\/span><\/h4>\n<\/div><\/div><div  class=\"tatsu-module tatsu-text-block-wrap tatsu-g3jj38cfid3kn56c  tatsu-hide-desktop tatsu-hide-laptop tatsu-hide-tablet \"><div class=\"tatsu-text-inner tatsu-align-center  clearfix\" ><style>.tatsu-g3jj38cfid3kn56c.tatsu-text-block-wrap .tatsu-text-inner{width: 100%;text-align: left;}.tatsu-g3jj38cfid3kn56c.tatsu-text-block-wrap{margin: 0px 0px 20px 0px;}<\/style>\n<h4 style=\"text-align: center;\"><span style=\"color: #ffffff;\">Luxon Ab Oy<\/span><\/h4>\n<\/div><\/div>            <div  class = \"tatsu-module tatsu-icon_card  tatsu-g3jj38cfkari6mq  tatsu-hide-desktop tatsu-hide-laptop tatsu-hide-tablet  tatsu-icon_card-type-icon tatsu-icon_card-style1 tatsu-icon_card-align-center tatsu-icon_card-vertical-align-center tatsu-icon_small\" >\n                <style>.tatsu-g3jj38cfkari6mq .tatsu-icon{color: #ffffff ;}.tatsu-g3jj38cfkari6mq.tatsu-module{margin: 0px 0px 10px 0px;}@media only screen and (max-width: 767px) {.tatsu-g3jj38cfkari6mq{padding: 0 0 5px 0;}}<\/style>                                    <div class = \"tatsu-icon_card-icon \">\n                                                    <i aria-label = \"  mobile1\" class = \"tatsu-icon tatsu-icon-mobile1\">\n                            <\/i>\n                                            <\/div>\n                                                    <div class = \"tatsu-icon_card-title-caption\">\n                                                                            <div class = \"tatsu-icon_card-caption body\">\n                                \n<p><span style=\"color: #ffffff;\"><a style=\"color: #ffffff;\" href=\"tel:020-7308111\">020-7308111<\/a><\/span><\/p>\n                            <\/div>\n                                            <\/div>\n                            <\/div>\n                <div  class = \"tatsu-module tatsu-icon_card  tatsu-g3jj38cfmf2s00h  tatsu-hide-mobile  tatsu-icon_card-type-icon tatsu-icon_card-style1 tatsu-icon_card-align-left tatsu-icon_card-vertical-align-center tatsu-icon_small\" >\n                <style>.tatsu-g3jj38cfmf2s00h .tatsu-icon{color: #ffffff ;}.tatsu-g3jj38cfmf2s00h.tatsu-module{margin: 0px 0px 10px 0px;}<\/style>                                    <div class = \"tatsu-icon_card-icon \">\n                                                    <i aria-label = \"  mobile1\" class = \"tatsu-icon tatsu-icon-mobile1\">\n                            <\/i>\n                                            <\/div>\n                                                    <div class = \"tatsu-icon_card-title-caption\">\n                                                                            <div class = \"tatsu-icon_card-caption body\">\n                                \n<p><span style=\"color: #ffffff;\"><a style=\"color: #ffffff;\" href=\"tel:020-7308111\">020-7308111<\/a><\/span><\/p>\n                            <\/div>\n                                            <\/div>\n                            <\/div>\n                <div  class = \"tatsu-module tatsu-icon_card  tatsu-g3jj38cfnx1val46  tatsu-hide-desktop tatsu-hide-laptop tatsu-hide-tablet  tatsu-icon_card-type-icon tatsu-icon_card-style1 tatsu-icon_card-align-center tatsu-icon_card-vertical-align-center tatsu-icon_small\" >\n                <style>.tatsu-g3jj38cfnx1val46 .tatsu-icon{color: #ffffff ;}.tatsu-g3jj38cfnx1val46.tatsu-module{margin: 0px 0px 0px 0px;}<\/style>                                    <div class = \"tatsu-icon_card-icon \">\n                                                    <i aria-label = \"  mail1\" class = \"tatsu-icon tatsu-icon-mail1\">\n                            <\/i>\n                                            <\/div>\n                                                    <div class = \"tatsu-icon_card-title-caption\">\n                                                                            <div class = \"tatsu-icon_card-caption body\">\n                                \n<p><span style=\"color: #ffffff;\"><a style=\"color: #ffffff;\" href=\"mailto:jonas@luxon.fi\">huolto@luxon.fi<\/a><\/span><\/p>\n                            <\/div>\n                                            <\/div>\n                            <\/div>\n                <div  class = \"tatsu-module tatsu-icon_card  tatsu-g3jj38cfpb4h03bo  tatsu-hide-mobile  tatsu-icon_card-type-icon tatsu-icon_card-style1 tatsu-icon_card-align-left tatsu-icon_card-vertical-align-center tatsu-icon_small\" >\n                <style>.tatsu-g3jj38cfpb4h03bo .tatsu-icon{color: #ffffff ;}.tatsu-g3jj38cfpb4h03bo.tatsu-module{margin: 0px 0px 0px 0px;}<\/style>                                    <div class = \"tatsu-icon_card-icon \">\n                                                    <i aria-label = \"  mail1\" class = \"tatsu-icon tatsu-icon-mail1\">\n                            <\/i>\n                                            <\/div>\n                                                    <div class = \"tatsu-icon_card-title-caption\">\n                                                                            <div class = \"tatsu-icon_card-caption body\">\n                                \n<p><span style=\"color: #ffffff;\"><a style=\"color: #ffffff;\" href=\"mailto:jonas@luxon.fi\" data-wplink-edit=\"true\">huolto@luxon.fi<\/a><\/span><\/p>\n                            <\/div>\n                                            <\/div>\n                            <\/div>\n    <\/div><\/div><div class = \"tatsu-column-bg-image-wrap\"><div class = \"tatsu-column-bg-image\" ><\/div><\/div><div class=\"tatsu-overlay tatsu-column-overlay tatsu-animate-none\" ><\/div><\/div><style>.tatsu-row > .tatsu-g3jj38ceygg1pg6g.tatsu-column{width: 50%;}.tatsu-g3jj38ceygg1pg6g.tatsu-column > .tatsu-column-inner > .tatsu-column-overlay{mix-blend-mode: normal;}.tatsu-g3jj38ceygg1pg6g > .tatsu-column-inner > .tatsu-top-divider{z-index: 9999;}.tatsu-g3jj38ceygg1pg6g > .tatsu-column-inner > .tatsu-bottom-divider{z-index: 9999;}.tatsu-g3jj38ceygg1pg6g > .tatsu-column-inner > .tatsu-left-divider{z-index: 9999;}.tatsu-g3jj38ceygg1pg6g > .tatsu-column-inner > .tatsu-right-divider{z-index: 9999;}@media only screen and (max-width:1377px) {.tatsu-row > .tatsu-g3jj38ceygg1pg6g.tatsu-column{width: 50%;}}@media only screen and (min-width:768px) and (max-width: 1024px) {.tatsu-row > .tatsu-g3jj38ceygg1pg6g.tatsu-column{width: 50%;}}@media only screen and (max-width: 767px) {.tatsu-row > .tatsu-g3jj38ceygg1pg6g.tatsu-column{width: 100%;}}<\/style><\/div><div  class=\"tatsu-column  tatsu-bg-overlay tatsu-one-half tatsu-column-image-none tatsu-column-effect-none  tatsu-g3jj38cfrp2n40ew\"  data-parallax-speed=\"0\" style=\"\"><div class=\"tatsu-column-inner \" ><div class=\"tatsu-column-pad-wrap\"><div class=\"tatsu-column-pad\" ><div  class=\"tatsu-module tatsu-text-block-wrap tatsu-g3jj38cfug4pg9h9  \"><div class=\"tatsu-text-inner tatsu-align-center  clearfix\" ><style>.tatsu-g3jj38cfug4pg9h9.tatsu-text-block-wrap .tatsu-text-inner{width: 100%;text-align: left;padding: 40px 0px 0px 0px;}@media only screen and (max-width: 767px) {.tatsu-g3jj38cfug4pg9h9.tatsu-text-block-wrap .tatsu-text-inner{padding: 0px 0px 0px 0px;}}<\/style>\n<h5 style=\"text-align: center;\"><span style=\"color: #ffffff;\">Web design by <a style=\"color: #ffffff;\" href=\"https:\/\/bamm.fi\"><strong>BAMM!<\/strong><\/a><\/span><\/h5>\n<\/div><\/div><\/div><\/div><div class = \"tatsu-column-bg-image-wrap\"><div class = \"tatsu-column-bg-image\" ><\/div><\/div><div class=\"tatsu-overlay tatsu-column-overlay tatsu-animate-none\" ><\/div><\/div><style>.tatsu-row > .tatsu-g3jj38cfrp2n40ew.tatsu-column{width: 50%;}.tatsu-g3jj38cfrp2n40ew.tatsu-column > .tatsu-column-inner > .tatsu-column-overlay{mix-blend-mode: normal;}.tatsu-g3jj38cfrp2n40ew > .tatsu-column-inner > .tatsu-top-divider{z-index: 9999;}.tatsu-g3jj38cfrp2n40ew > .tatsu-column-inner > .tatsu-bottom-divider{z-index: 9999;}.tatsu-g3jj38cfrp2n40ew > .tatsu-column-inner > .tatsu-left-divider{z-index: 9999;}.tatsu-g3jj38cfrp2n40ew > .tatsu-column-inner > .tatsu-right-divider{z-index: 9999;}@media only screen and (max-width:1377px) {.tatsu-row > .tatsu-g3jj38cfrp2n40ew.tatsu-column{width: 50%;}}@media only screen and (min-width:768px) and (max-width: 1024px) {.tatsu-row > .tatsu-g3jj38cfrp2n40ew.tatsu-column{width: 50%;}}@media only screen and (max-width: 767px) {.tatsu-row > .tatsu-g3jj38cfrp2n40ew.tatsu-column{width: 100%;}}<\/style><\/div><\/div><\/div><\/div><div class=\"tatsu-section-background-wrap\"><div class = \"tatsu-section-background\" ><\/div><\/div><div class=\"tatsu-overlay tatsu-section-overlay\"><\/div><style>.tatsu-g3jj38ceqlclz5xg.tatsu-section{background-color: rgba(33,117,170,1);}.tatsu-g3jj38ceqlclz5xg .tatsu-section-pad{padding: 30px 15% 30px 15%;}.tatsu-g3jj38ceqlclz5xg .tatsu-section-offset-wrap{transform: translateY(-0px);}.tatsu-g3jj38ceqlclz5xg > .tatsu-bottom-divider{z-index: 9999;}.tatsu-g3jj38ceqlclz5xg > .tatsu-top-divider{z-index: 9999;}.tatsu-g3jj38ceqlclz5xg .tatsu-section-overlay{mix-blend-mode: normal;}@media only screen and (max-width: 767px) {.tatsu-g3jj38ceqlclz5xg .tatsu-section-pad{padding: 50px 5% 30px 5%;}}<\/style><\/div>\n","protected":false},"excerpt":{"rendered":"<div><a href=\"https:\/\/luxon.fi\/fi\/meistae\/\" class=\"exp-read-more exp-read-more-underlined\">Read More<\/a><\/div>\n","protected":false},"author":1,"featured_media":0,"parent":0,"menu_order":0,"comment_status":"closed","ping_status":"closed","template":"","meta":{"footnotes":""},"class_list":["post-173","page","type-page","status-publish","hentry"],"yoast_head":"<!-- This site is optimized with the Yoast SEO plugin v22.8 - https:\/\/yoast.com\/wordpress\/plugins\/seo\/ -->\n<title>Luxon - Meist\u00e4 | Asennus ja huolto suurkeitti\u00f6ille<\/title>\n<meta name=\"description\" content=\"Luxonin perusti Jonas Seitovaara vuonna 2011. Luxon koostuu t\u00e4n\u00e4 p\u00e4iv\u00e4n\u00e4 kolmesta ty\u00f6ntekij\u00e4st\u00e4 joiden toimialueena on koko Pohjanmaa.\" \/>\n<meta name=\"robots\" content=\"index, follow, max-snippet:-1, max-image-preview:large, max-video-preview:-1\" \/>\n<link rel=\"canonical\" href=\"https:\/\/luxon.fi\/fi\/meistae\/\" \/>\n<meta property=\"og:locale\" content=\"fi_FI\" \/>\n<meta property=\"og:type\" content=\"article\" \/>\n<meta property=\"og:title\" content=\"Luxon - Meist\u00e4 | Asennus ja huolto suurkeitti\u00f6ille\" \/>\n<meta property=\"og:description\" content=\"Luxonin perusti Jonas Seitovaara vuonna 2011. Luxon koostuu t\u00e4n\u00e4 p\u00e4iv\u00e4n\u00e4 kolmesta ty\u00f6ntekij\u00e4st\u00e4 joiden toimialueena on koko Pohjanmaa.\" \/>\n<meta property=\"og:url\" content=\"https:\/\/luxon.fi\/fi\/meistae\/\" \/>\n<meta property=\"og:site_name\" content=\"Luxon\" \/>\n<meta property=\"article:modified_time\" content=\"2022-11-28T14:34:08+00:00\" \/>\n<meta property=\"og:image\" content=\"https:\/\/luxon.fi\/wp-content\/uploads\/2019\/05\/Luxon-bg.jpg\" \/>\n\t<meta property=\"og:image:width\" content=\"1600\" \/>\n\t<meta property=\"og:image:height\" content=\"608\" \/>\n\t<meta property=\"og:image:type\" content=\"image\/jpeg\" \/>\n<meta name=\"twitter:card\" content=\"summary_large_image\" \/>\n<meta name=\"twitter:label1\" content=\"Arvioitu lukuaika\" \/>\n\t<meta name=\"twitter:data1\" content=\"12 minuuttia\" \/>\n<script type=\"application\/ld+json\" class=\"yoast-schema-graph\">{\"@context\":\"https:\/\/schema.org\",\"@graph\":[{\"@type\":\"WebPage\",\"@id\":\"https:\/\/luxon.fi\/fi\/meistae\/\",\"url\":\"https:\/\/luxon.fi\/fi\/meistae\/\",\"name\":\"Luxon - Meist\u00e4 | Asennus ja huolto suurkeitti\u00f6ille\",\"isPartOf\":{\"@id\":\"https:\/\/luxon.fi\/#website\"},\"datePublished\":\"2019-06-11T21:08:11+00:00\",\"dateModified\":\"2022-11-28T14:34:08+00:00\",\"description\":\"Luxonin perusti Jonas Seitovaara vuonna 2011. Luxon koostuu t\u00e4n\u00e4 p\u00e4iv\u00e4n\u00e4 kolmesta ty\u00f6ntekij\u00e4st\u00e4 joiden toimialueena on koko Pohjanmaa.\",\"breadcrumb\":{\"@id\":\"https:\/\/luxon.fi\/fi\/meistae\/#breadcrumb\"},\"inLanguage\":\"fi\",\"potentialAction\":[{\"@type\":\"ReadAction\",\"target\":[\"https:\/\/luxon.fi\/fi\/meistae\/\"]}]},{\"@type\":\"BreadcrumbList\",\"@id\":\"https:\/\/luxon.fi\/fi\/meistae\/#breadcrumb\",\"itemListElement\":[{\"@type\":\"ListItem\",\"position\":1,\"name\":\"Hem\",\"item\":\"https:\/\/luxon.fi\/fi\/\"},{\"@type\":\"ListItem\",\"position\":2,\"name\":\"Meist\u00e4\"}]},{\"@type\":\"WebSite\",\"@id\":\"https:\/\/luxon.fi\/#website\",\"url\":\"https:\/\/luxon.fi\/\",\"name\":\"Luxon\",\"description\":\"Installation &amp; service f&ouml;r stork&ouml;k\",\"potentialAction\":[{\"@type\":\"SearchAction\",\"target\":{\"@type\":\"EntryPoint\",\"urlTemplate\":\"https:\/\/luxon.fi\/?s={search_term_string}\"},\"query-input\":\"required name=search_term_string\"}],\"inLanguage\":\"fi\"}]}<\/script>\n<!-- \/ Yoast SEO plugin. -->","yoast_head_json":{"title":"Luxon - Meist\u00e4 | Asennus ja huolto suurkeitti\u00f6ille","description":"Luxonin perusti Jonas Seitovaara vuonna 2011. Luxon koostuu t\u00e4n\u00e4 p\u00e4iv\u00e4n\u00e4 kolmesta ty\u00f6ntekij\u00e4st\u00e4 joiden toimialueena on koko Pohjanmaa.","robots":{"index":"index","follow":"follow","max-snippet":"max-snippet:-1","max-image-preview":"max-image-preview:large","max-video-preview":"max-video-preview:-1"},"canonical":"https:\/\/luxon.fi\/fi\/meistae\/","og_locale":"fi_FI","og_type":"article","og_title":"Luxon - Meist\u00e4 | Asennus ja huolto suurkeitti\u00f6ille","og_description":"Luxonin perusti Jonas Seitovaara vuonna 2011. Luxon koostuu t\u00e4n\u00e4 p\u00e4iv\u00e4n\u00e4 kolmesta ty\u00f6ntekij\u00e4st\u00e4 joiden toimialueena on koko Pohjanmaa.","og_url":"https:\/\/luxon.fi\/fi\/meistae\/","og_site_name":"Luxon","article_modified_time":"2022-11-28T14:34:08+00:00","og_image":[{"width":1600,"height":608,"url":"https:\/\/luxon.fi\/wp-content\/uploads\/2019\/05\/Luxon-bg.jpg","type":"image\/jpeg"}],"twitter_card":"summary_large_image","twitter_misc":{"Arvioitu lukuaika":"12 minuuttia"},"schema":{"@context":"https:\/\/schema.org","@graph":[{"@type":"WebPage","@id":"https:\/\/luxon.fi\/fi\/meistae\/","url":"https:\/\/luxon.fi\/fi\/meistae\/","name":"Luxon - Meist\u00e4 | Asennus ja huolto suurkeitti\u00f6ille","isPartOf":{"@id":"https:\/\/luxon.fi\/#website"},"datePublished":"2019-06-11T21:08:11+00:00","dateModified":"2022-11-28T14:34:08+00:00","description":"Luxonin perusti Jonas Seitovaara vuonna 2011. Luxon koostuu t\u00e4n\u00e4 p\u00e4iv\u00e4n\u00e4 kolmesta ty\u00f6ntekij\u00e4st\u00e4 joiden toimialueena on koko Pohjanmaa.","breadcrumb":{"@id":"https:\/\/luxon.fi\/fi\/meistae\/#breadcrumb"},"inLanguage":"fi","potentialAction":[{"@type":"ReadAction","target":["https:\/\/luxon.fi\/fi\/meistae\/"]}]},{"@type":"BreadcrumbList","@id":"https:\/\/luxon.fi\/fi\/meistae\/#breadcrumb","itemListElement":[{"@type":"ListItem","position":1,"name":"Hem","item":"https:\/\/luxon.fi\/fi\/"},{"@type":"ListItem","position":2,"name":"Meist\u00e4"}]},{"@type":"WebSite","@id":"https:\/\/luxon.fi\/#website","url":"https:\/\/luxon.fi\/","name":"Luxon","description":"Installation &amp; service f&ouml;r stork&ouml;k","potentialAction":[{"@type":"SearchAction","target":{"@type":"EntryPoint","urlTemplate":"https:\/\/luxon.fi\/?s={search_term_string}"},"query-input":"required name=search_term_string"}],"inLanguage":"fi"}]}},"_links":{"self":[{"href":"https:\/\/luxon.fi\/fi\/wp-json\/wp\/v2\/pages\/173","targetHints":{"allow":["GET"]}}],"collection":[{"href":"https:\/\/luxon.fi\/fi\/wp-json\/wp\/v2\/pages"}],"about":[{"href":"https:\/\/luxon.fi\/fi\/wp-json\/wp\/v2\/types\/page"}],"author":[{"embeddable":true,"href":"https:\/\/luxon.fi\/fi\/wp-json\/wp\/v2\/users\/1"}],"replies":[{"embeddable":true,"href":"https:\/\/luxon.fi\/fi\/wp-json\/wp\/v2\/comments?post=173"}],"version-history":[{"count":5,"href":"https:\/\/luxon.fi\/fi\/wp-json\/wp\/v2\/pages\/173\/revisions"}],"predecessor-version":[{"id":278,"href":"https:\/\/luxon.fi\/fi\/wp-json\/wp\/v2\/pages\/173\/revisions\/278"}],"wp:attachment":[{"href":"https:\/\/luxon.fi\/fi\/wp-json\/wp\/v2\/media?parent=173"}],"curies":[{"name":"wp","href":"https:\/\/api.w.org\/{rel}","templated":true}]}}